{"id":67,"date":"2024-09-11T17:55:11","date_gmt":"2024-09-11T17:55:11","guid":{"rendered":"https:\/\/www.mediataskinen.fi\/?page_id=67"},"modified":"2025-02-07T17:43:24","modified_gmt":"2025-02-07T17:43:24","slug":"yksityisyydensuojalauseke","status":"publish","type":"page","link":"https:\/\/www.mediataskinen.fi\/index.php\/yksityisyydensuojalauseke\/","title":{"rendered":"Yksityisyydensuojalauseke"},"content":{"rendered":"<div class=\"style-356 style-local-67-c1 position-relative\" data-colibri-id=\"67-c1\">\r\n<div id=\"initial-content\" class=\"h-section h-section-global-spacing d-flex align-items-lg-center align-items-md-center align-items-center style-357 style-local-67-c2 position-relative\" data-colibri-component=\"section\" data-colibri-id=\"67-c2\">\r\n<div class=\"h-section-grid-container h-section-boxed-container\">\r\n<div class=\"h-row-container gutters-row-lg-2 gutters-row-md-2 gutters-row-0 gutters-row-v-lg-2 gutters-row-v-md-2 gutters-row-v-2 style-358 style-local-67-c3 position-relative\" data-colibri-id=\"67-c3\">\r\n<div class=\"h-row justify-content-lg-center justify-content-md-center justify-content-center align-items-lg-stretch align-items-md-stretch align-items-stretch gutters-col-lg-2 gutters-col-md-2 gutters-col-0 gutters-col-v-lg-2 gutters-col-v-md-2 gutters-col-v-2\">\r\n<div class=\"h-column h-column-container d-flex h-col-lg-auto h-col-md-auto h-col-auto style-359-outer style-local-67-c4-outer\">\r\n<div class=\"d-flex h-flex-basis h-column__inner h-px-lg-2 h-px-md-2 h-px-2 v-inner-lg-2 v-inner-md-2 v-inner-2 style-359 style-local-67-c4 position-relative\" data-colibri-id=\"67-c4\">\r\n<div class=\"w-100 h-y-container h-column__content h-column__v-align flex-basis-100 align-self-lg-start align-self-md-start align-self-start\">\r\n<div class=\"style-360 style-local-67-c5 position-relative h-element\" data-colibri-id=\"67-c5\">\r\n<div>\r\n\r\nViimeksi p\u00e4ivitetty: 07.02.2025\r\n\r\n<strong>Tietosuojak\u00e4yt\u00e4nt\u00f6<\/strong> MediaTaskinen (t\u00e4st\u00e4 eteenp\u00e4in \u201cme\u201d, \u201cmeid\u00e4n\u201d tai \u201cmeit\u00e4\u201d) yll\u00e4pit\u00e4\u00e4 verkkosivustoa www.mediataskinen.com. T\u00e4m\u00e4 sivu tiedottaa sinulle k\u00e4yt\u00e4nn\u00f6ist\u00e4mme koskien henkil\u00f6tietojen ker\u00e4\u00e4mist\u00e4, k\u00e4ytt\u00f6\u00e4\r\nja luovuttamista, kun k\u00e4yt\u00e4t verkkosivustoamme, sek\u00e4 valinnoista, joita sinulla on n\u00e4ihin tietoihin liittyen.\r\n\r\n<strong>Tietojen ker\u00e4\u00e4minen ja k\u00e4ytt\u00f6<\/strong> Ker\u00e4\u00e4mme useita erilaisia tietoja eri tarkoituksiin tarjotaksemme ja parantaaksemme palveluamme sinulle.\r\n\r\n<strong>Ker\u00e4tyt tietotyypit<\/strong>\r\n<ul>\r\n \t<li><strong>Henkil\u00f6tiedot<\/strong>: Kun k\u00e4yt\u00e4t verkkosivustoamme, saatamme pyyt\u00e4\u00e4 sinua antamaan meille tiettyj\u00e4 henkil\u00f6kohtaisia tietoja, joita voidaan k\u00e4ytt\u00e4\u00e4 yhteydenottoon tai tunnistamiseen (\u201cHenkil\u00f6tiedot\u201d). Henkil\u00f6kohtaisia tietoja\r\nvoivat olla muun muassa s\u00e4hk\u00f6postiosoite, nimi, puhelinnumero, osoite ja muut tiedot, jotka annat WPForms-lomakkeidemme kautta.<\/li>\r\n \t<li><strong>K\u00e4ytt\u00f6tiedot<\/strong>: Saatamme my\u00f6s ker\u00e4t\u00e4 tietoja siit\u00e4, miten verkkosivustoa k\u00e4ytet\u00e4\u00e4n ja k\u00e4ytet\u00e4\u00e4n (\u201cK\u00e4ytt\u00f6tiedot\u201d). K\u00e4ytt\u00f6tiedot voivat sis\u00e4lt\u00e4\u00e4 tietoja, kuten tietokoneesi IP-osoite, selaimen tyyppi, selaimen versio,\r\nverkkosivustomme sivut, joita k\u00e4yt, vierailun aika ja p\u00e4iv\u00e4m\u00e4\u00e4r\u00e4, n\u00e4ill\u00e4 sivuilla vietetty aika, yksil\u00f6lliset laitetunnisteet ja muut diagnostiikkatiedot.<\/li>\r\n<\/ul>\r\n<strong>Tietojen k\u00e4ytt\u00f6<\/strong> K\u00e4yt\u00e4mme ker\u00e4ttyj\u00e4 tietoja eri tarkoituksiin:\r\n<ul>\r\n \t<li>Tarjotaksemme ja yll\u00e4pit\u00e4\u00e4ksemme verkkosivustoamme<\/li>\r\n \t<li>Ilmoittaaksemme sinulle verkkosivustomme muutoksista<\/li>\r\n \t<li>Mahdollistaaksemme osallistumisesi verkkosivustomme interaktiivisiin ominaisuuksiin, kun p\u00e4\u00e4t\u00e4t tehd\u00e4 niin<\/li>\r\n \t<li>Tarjotaksemme asiakastukea<\/li>\r\n \t<li>Ker\u00e4t\u00e4ksemme analyysi\u00e4 tai arvokasta tietoa, jotta voimme parantaa verkkosivustoamme<\/li>\r\n \t<li>Seurataksemme verkkosivustomme k\u00e4ytt\u00f6\u00e4<\/li>\r\n \t<li>Havaitaksemme, est\u00e4\u00e4ksemme ja k\u00e4sitell\u00e4ksemme teknisi\u00e4 ongelmia<\/li>\r\n<\/ul>\r\n<strong>Tietojen siirto<\/strong> Tietosi, mukaan lukien henkil\u00f6tiedot, voidaan siirt\u00e4\u00e4 ja s\u00e4ilytt\u00e4\u00e4 tietokoneilla, jotka sijaitsevat osavaltiosi, maakuntasi, maasi tai muun hallinnollisen alueen ulkopuolella, jossa tietosuojalait voivat\r\npoiketa omasta laink\u00e4ytt\u00f6alueestasi.\r\n\r\n<strong>Tietojen luovuttaminen<\/strong> Saatamme luovuttaa henkil\u00f6tietojasi vilpitt\u00f6m\u00e4ss\u00e4 mieless\u00e4, ett\u00e4 t\u00e4llainen toiminta on tarpeen:\r\n<ul>\r\n \t<li>Noudattaaksemme lakis\u00e4\u00e4teist\u00e4 velvoitetta<\/li>\r\n \t<li>Suojataksemme ja puolustaaksemme MediaTaskisen oikeuksia tai omaisuutta<\/li>\r\n \t<li>Est\u00e4\u00e4ksemme tai tutkiaksemme mahdollista v\u00e4\u00e4rink\u00e4yt\u00f6st\u00e4 verkkosivuston yhteydess\u00e4<\/li>\r\n \t<li>Suojataksemme verkkosivuston k\u00e4ytt\u00e4jien tai yleis\u00f6n henkil\u00f6kohtaista turvallisuutta<\/li>\r\n \t<li>Suojautuaksemme oikeudelliselta vastuulta<\/li>\r\n<\/ul>\r\n<strong>Tietojen turvallisuus<\/strong> Tietojesi turvallisuus on meille t\u00e4rke\u00e4\u00e4, mutta muista, ett\u00e4 mik\u00e4\u00e4n tiedonsiirtomenetelm\u00e4 internetiss\u00e4 tai s\u00e4hk\u00f6inen tallennusmenetelm\u00e4 ei ole 100% turvallinen. Vaikka pyrimme k\u00e4ytt\u00e4m\u00e4\u00e4n kaupallisesti\r\nhyv\u00e4ksytt\u00e4vi\u00e4 keinoja henkil\u00f6tietojesi suojaamiseksi, emme voi taata niiden ehdotonta turvallisuutta.\r\n\r\n<strong>Tietosuojaoikeutesi<\/strong> Riippuen sijainnistasi, sinulla voi olla seuraavat oikeudet henkil\u00f6tietoihisi liittyen:\r\n<ul>\r\n \t<li>Oikeus saada p\u00e4\u00e4sy henkil\u00f6tietoihisi \u2013 Sinulla on oikeus pyyt\u00e4\u00e4 kopioita henkil\u00f6tiedoistasi.<\/li>\r\n \t<li>Oikeus tietojen oikaisemiseen \u2013 Sinulla on oikeus pyyt\u00e4\u00e4, ett\u00e4 korjaamme kaikki tiedot, jotka uskot olevan virheellisi\u00e4, tai t\u00e4ydent\u00e4\u00e4 tiedot, jotka uskot olevan puutteellisia.<\/li>\r\n \t<li>Oikeus tietojen poistamiseen \u2013 Sinulla on oikeus pyyt\u00e4\u00e4, ett\u00e4 poistamme henkil\u00f6tietosi tietyin ehdoin.<\/li>\r\n \t<li>Oikeus rajoittaa tietojen k\u00e4sittely\u00e4 \u2013 Sinulla on oikeus pyyt\u00e4\u00e4, ett\u00e4 rajoitamme henkil\u00f6tietojesi k\u00e4sittely\u00e4 tietyin ehdoin.<\/li>\r\n \t<li>Oikeus vastustaa tietojen k\u00e4sittely\u00e4 \u2013 Sinulla on oikeus vastustaa henkil\u00f6tietojesi k\u00e4sittely\u00e4 tietyin ehdoin.<\/li>\r\n \t<li>Oikeus tietojen siirrett\u00e4vyyteen \u2013 Sinulla on oikeus pyyt\u00e4\u00e4, ett\u00e4 siirr\u00e4mme ker\u00e4\u00e4m\u00e4mme tiedot toiselle organisaatiolle tai suoraan sinulle tietyin ehdoin.<\/li>\r\n<\/ul>\r\n<strong>Muutokset t\u00e4h\u00e4n tietosuojak\u00e4yt\u00e4nt\u00f6\u00f6n<\/strong> Saatamme p\u00e4ivitt\u00e4\u00e4 tietosuojak\u00e4yt\u00e4nt\u00f6\u00e4mme ajoittain. Ilmoitamme sinulle kaikista muutoksista julkaisemalla uuden tietosuojak\u00e4yt\u00e4nn\u00f6n t\u00e4ll\u00e4 sivulla. Sinua kehotetaan tarkistamaan\r\nt\u00e4m\u00e4 tietosuojak\u00e4yt\u00e4nt\u00f6 s\u00e4\u00e4nn\u00f6llisesti mahdollisten muutosten varalta. Muutokset t\u00e4h\u00e4n tietosuojak\u00e4yt\u00e4nt\u00f6\u00f6n tulevat voimaan, kun ne julkaistaan t\u00e4ll\u00e4 sivulla.\r\n\r\n<strong>Ota yhteytt\u00e4<\/strong> Jos sinulla on kysytt\u00e4v\u00e4\u00e4 t\u00e4st\u00e4 tietosuojak\u00e4yt\u00e4nn\u00f6st\u00e4, ota meihin yhteytt\u00e4: S\u00e4hk\u00f6postitse: tuomas(at)mediataskinen.fi\r\n\r\n<\/div>\r\n<\/div>\r\n<\/div>\r\n<\/div>\r\n<\/div>\r\n<\/div>\r\n<\/div>\r\n<\/div>\r\n<\/div>\r\n<\/div>","protected":false},"excerpt":{"rendered":"<p>Viimeksi p\u00e4ivitetty: 07.02.2025 Tietosuojak\u00e4yt\u00e4nt\u00f6 MediaTaskinen (t\u00e4st\u00e4 eteenp\u00e4in \u201cme\u201d, \u201cmeid\u00e4n\u201d tai \u201cmeit\u00e4\u201d) yll\u00e4pit\u00e4\u00e4 verkkosivustoa www.mediataskinen.com. T\u00e4m\u00e4 sivu tiedottaa sinulle k\u00e4yt\u00e4nn\u00f6ist\u00e4mme koskien henkil\u00f6tietojen ker\u00e4\u00e4mist\u00e4, k\u00e4ytt\u00f6\u00e4 ja luovuttamista, kun k\u00e4yt\u00e4t verkkosivustoamme, sek\u00e4 valinnoista, joita sinulla on n\u00e4ihin tietoihin liittyen. Tietojen ker\u00e4\u00e4minen ja k\u00e4ytt\u00f6 Ker\u00e4\u00e4mme useita erilaisia tietoja eri tarkoituksiin tarjotaksemme ja parantaaksemme palveluamme sinulle. Ker\u00e4tyt tietotyypit Henkil\u00f6tiedot: Kun [&hellip;]<\/p>\n","protected":false},"author":1,"featured_media":0,"parent":0,"menu_order":0,"comment_status":"closed","ping_status":"closed","template":"page-templates\/full-width-page.php","meta":{"footnotes":""},"class_list":["post-67","page","type-page","status-publish","hentry"],"_links":{"self":[{"href":"https:\/\/www.mediataskinen.fi\/index.php\/wp-json\/wp\/v2\/pages\/67","targetHints":{"allow":["GET"]}}],"collection":[{"href":"https:\/\/www.mediataskinen.fi\/index.php\/wp-json\/wp\/v2\/pages"}],"about":[{"href":"https:\/\/www.mediataskinen.fi\/index.php\/wp-json\/wp\/v2\/types\/page"}],"author":[{"embeddable":true,"href":"https:\/\/www.mediataskinen.fi\/index.php\/wp-json\/wp\/v2\/users\/1"}],"replies":[{"embeddable":true,"href":"https:\/\/www.mediataskinen.fi\/index.php\/wp-json\/wp\/v2\/comments?post=67"}],"version-history":[{"count":9,"href":"https:\/\/www.mediataskinen.fi\/index.php\/wp-json\/wp\/v2\/pages\/67\/revisions"}],"predecessor-version":[{"id":232,"href":"https:\/\/www.mediataskinen.fi\/index.php\/wp-json\/wp\/v2\/pages\/67\/revisions\/232"}],"wp:attachment":[{"href":"https:\/\/www.mediataskinen.fi\/index.php\/wp-json\/wp\/v2\/media?parent=67"}],"curies":[{"name":"wp","href":"https:\/\/api.w.org\/{rel}","templated":true}]}}